{"id":43,"date":"2017-01-08T21:59:55","date_gmt":"2017-01-08T20:59:55","guid":{"rendered":"http:\/\/web6456.websrv1.lcube-server.de\/dornroeschen\/?page_id=43"},"modified":"2024-12-13T17:18:05","modified_gmt":"2024-12-13T16:18:05","slug":"radieschen","status":"publish","type":"page","link":"https:\/\/www.steintormasch.de\/dornroeschen\/radieschen\/","title":{"rendered":"Kolonieheim"},"content":{"rendered":"\n<h2 class=\"wp-block-heading\">Restaurant Radieschen<\/h2>\n\n\n\n<p><strong>Das Kolonieheim der Kolonie Dornr\u00f6schen wurde 1957-1958 in Eigenleistung und durch Spenden erbaut.<br>\n<\/strong><strong>\u201eErich&#8217;s Ruh\u201c wurde das Heim damals genannt.<\/strong><\/p>\n\n\n\n<p><strong>1974<\/strong> wurde das Kolonieheim durch einen Gastraum, K\u00fcche, Wohnung und Toiletten erweitert. Das Heim wurde auf den Namen \u201eRadieschenklause\u201c umbenannt. Wegen dem undichten Flachdach wurde das Heim mit einem Fachwerk Giebeldach versehen. Durch Spenden, Umlagen und Eigenleistung waren die Ma\u00dfnahmen m\u00f6glich.<br>\n<strong>2010<\/strong> Umbenennung in Gastst\u00e4tte und Biergarten Radieschen.<br>\n<strong>2012<\/strong> Neue <a title=\"Restaurant Radieschen\" href=\"http:\/\/www.restaurant-radieschen.de\" target=\"_blank\">Pr\u00e4senz im Internet<\/a>, die dem K\u00f6nnen und Anspruch der Betreiber gerecht wird. Zudem wurde der Name angepasst: Restaurant Radieschen &#8211; Biergarten und Sonnenterasse.<\/p>\n\n\n\n<p>Das Radieschen wird f\u00fcr Koloniesitzungen und Feiern genutzt und ist ein beliebtes Ausflugsziel f\u00fcr Fu\u00dfg\u00e4nger und Fahrradfahrer. Die K\u00fcche bietet saisonale Spezialit\u00e4ten wie Spargel, Gr\u00fcnkohl und Pfifferlinge, aber auch den Sonntagsbraten, Rippchen &#8222;satt&#8220;, Scampis und vieles mehr.<\/p>\n\n\n\n<p>Ein Besuch der sich lohnt!<\/p>\n","protected":false},"excerpt":{"rendered":"<p>Restaurant Radieschen Das Kolonieheim der Kolonie Dornr\u00f6schen wurde 1957-1958 in Eigenleistung und durch Spenden erbaut. \u201eErich&#8217;s Ruh\u201c wurde das Heim damals genannt. 1974 wurde das Kolonieheim durch einen Gastraum, K\u00fcche, Wohnung und Toiletten erweitert. Das Heim wurde auf den Namen&#8230;<br \/><a class=\"read-more-button\" href=\"https:\/\/www.steintormasch.de\/dornroeschen\/radieschen\/\">Mehr Lesen<\/a><\/p>\n","protected":false},"author":2,"featured_media":0,"parent":0,"menu_order":0,"comment_status":"closed","ping_status":"closed","template":"","meta":{"_mc_calendar":[],"footnotes":""},"class_list":["post-43","page","type-page","status-publish","hentry"],"_links":{"self":[{"href":"https:\/\/www.steintormasch.de\/dornroeschen\/wp-json\/wp\/v2\/pages\/43","targetHints":{"allow":["GET"]}}],"collection":[{"href":"https:\/\/www.steintormasch.de\/dornroeschen\/wp-json\/wp\/v2\/pages"}],"about":[{"href":"https:\/\/www.steintormasch.de\/dornroeschen\/wp-json\/wp\/v2\/types\/page"}],"author":[{"embeddable":true,"href":"https:\/\/www.steintormasch.de\/dornroeschen\/wp-json\/wp\/v2\/users\/2"}],"replies":[{"embeddable":true,"href":"https:\/\/www.steintormasch.de\/dornroeschen\/wp-json\/wp\/v2\/comments?post=43"}],"version-history":[{"count":4,"href":"https:\/\/www.steintormasch.de\/dornroeschen\/wp-json\/wp\/v2\/pages\/43\/revisions"}],"predecessor-version":[{"id":322,"href":"https:\/\/www.steintormasch.de\/dornroeschen\/wp-json\/wp\/v2\/pages\/43\/revisions\/322"}],"wp:attachment":[{"href":"https:\/\/www.steintormasch.de\/dornroeschen\/wp-json\/wp\/v2\/media?parent=43"}],"curies":[{"name":"wp","href":"https:\/\/api.w.org\/{rel}","templated":true}]}}