{"id":45,"date":"2017-01-27T21:42:29","date_gmt":"2017-01-27T20:42:29","guid":{"rendered":"http:\/\/web6456.websrv1.lcube-server.de\/georgengarten\/?page_id=45"},"modified":"2024-12-13T17:39:09","modified_gmt":"2024-12-13T16:39:09","slug":"newsletter","status":"publish","type":"page","link":"https:\/\/www.steintormasch.de\/georgengarten\/newsletter\/","title":{"rendered":"Rundbrief \/ Newsletter"},"content":{"rendered":"\n<p class=\"has-text-align-center\"><span style=\"color: #000000\"><strong>Der Betrieb f\u00fcr Saison 2024 ist gestartet \/ Abonnieren ab sofort m\u00f6glich<\/strong><\/span><\/p>\n\n\n\n<div class=\"wp-block-columns is-layout-flex wp-container-core-columns-is-layout-9d6595d7 wp-block-columns-is-layout-flex\">\n<div class=\"wp-block-column is-layout-flow wp-block-column-is-layout-flow\"><\/div>\n\n\n\n<div class=\"wp-block-column is-layout-flow wp-block-column-is-layout-flow\"><span class=\"animated animated-flip\" style=\"display:inline-block;\"><i class=\"gardenicon\" >&#0090<\/i><\/span>\n<\/div>\n\n\n\n<div class=\"wp-block-column is-layout-flow wp-block-column-is-layout-flow\"><\/div>\n<\/div>\n\n\n\n<p><strong>Sende die gew\u00fcnschte E-Mail Empf\u00e4ngeradresse, Vor- und Nachnamen, falls vorhanden oder bekannt auch die Gartennummer bei der Du Dich zuordnen m\u00f6chtest an:<\/strong><\/p>\n\n\n\n<p><strong>Georgengarten@gmx.net<\/strong><\/p>\n\n\n\n<p><\/p>\n","protected":false},"excerpt":{"rendered":"<p>Der Betrieb f\u00fcr Saison 2024 ist gestartet \/ Abonnieren ab sofort m\u00f6glich Sende die gew\u00fcnschte E-Mail Empf\u00e4ngeradresse, Vor- und Nachnamen, falls vorhanden oder bekannt auch die Gartennummer bei der Du Dich zuordnen m\u00f6chtest an: Georgengarten@gmx.net<\/p>\n","protected":false},"author":6,"featured_media":47,"parent":0,"menu_order":0,"comment_status":"closed","ping_status":"closed","template":"","meta":{"_mc_calendar":[],"footnotes":""},"class_list":["post-45","page","type-page","status-publish","has-post-thumbnail","hentry"],"_links":{"self":[{"href":"https:\/\/www.steintormasch.de\/georgengarten\/wp-json\/wp\/v2\/pages\/45","targetHints":{"allow":["GET"]}}],"collection":[{"href":"https:\/\/www.steintormasch.de\/georgengarten\/wp-json\/wp\/v2\/pages"}],"about":[{"href":"https:\/\/www.steintormasch.de\/georgengarten\/wp-json\/wp\/v2\/types\/page"}],"author":[{"embeddable":true,"href":"https:\/\/www.steintormasch.de\/georgengarten\/wp-json\/wp\/v2\/users\/6"}],"replies":[{"embeddable":true,"href":"https:\/\/www.steintormasch.de\/georgengarten\/wp-json\/wp\/v2\/comments?post=45"}],"version-history":[{"count":25,"href":"https:\/\/www.steintormasch.de\/georgengarten\/wp-json\/wp\/v2\/pages\/45\/revisions"}],"predecessor-version":[{"id":1705,"href":"https:\/\/www.steintormasch.de\/georgengarten\/wp-json\/wp\/v2\/pages\/45\/revisions\/1705"}],"wp:featuredmedia":[{"embeddable":true,"href":"https:\/\/www.steintormasch.de\/georgengarten\/wp-json\/wp\/v2\/media\/47"}],"wp:attachment":[{"href":"https:\/\/www.steintormasch.de\/georgengarten\/wp-json\/wp\/v2\/media?parent=45"}],"curies":[{"name":"wp","href":"https:\/\/api.w.org\/{rel}","templated":true}]}}