{"id":103,"date":"2017-03-29T13:08:59","date_gmt":"2017-03-29T11:08:59","guid":{"rendered":"http:\/\/web6456.websrv1.lcube-server.de\/rosendorf\/?page_id=103"},"modified":"2025-11-26T15:06:39","modified_gmt":"2025-11-26T14:06:39","slug":"kontakte","status":"publish","type":"page","link":"https:\/\/www.steintormasch.de\/rosendorf\/kontakte\/","title":{"rendered":"Kontakte"},"content":{"rendered":"\n<h2 class=\"wp-block-heading\">Kolonieleitung<\/h2>\n\n\n<span class=\"animated animated-flip\" style=\"display:inline-block;\"><i class=\"gardenicon\" >&#0081<\/i><\/span>\n\n\n\n<p><strong>Heiko Flei\u00df, 1. Kolonieleiter<\/strong><br>Fliederweg 110<br>Tel.: 0151 721 20 595<\/p>\n\n\n\n<p><strong>Vera Thiele Probst, 2. Kolonieleiterin<\/strong><br>In der Steintormasch 175<br>Tel.: 0176 812 73 057<\/p>\n\n\n\n<p><strong>Waltraud Kohrs, 1. Kassiererin<\/strong><br>Fliederweg 115<\/p>\n\n\n\n<p><strong>Julia Elvers, 1. Schriftf\u00fchrerin<\/strong><br>Rosenweg 48<\/p>\n\n\n\n<hr class=\"wp-block-separator has-alpha-channel-opacity\" \/>\n\n\n\n<h2 class=\"wp-block-heading\">Trinkwasserschl\u00fcssel und Wassergeld<\/h2>\n\n\n\n<p><strong>Heiko Flei\u00df<br><\/strong>Fliederweg 110<br>Tel.: 0151-721 20 595<\/p>\n\n\n\n<hr class=\"wp-block-separator has-alpha-channel-opacity\" \/>\n\n\n\n<h2 class=\"wp-block-heading\">Koordinator f\u00fcr Gemeinschaftsarbeit:<\/h2>\n\n\n\n<p><strong>Reiner Neumann<\/strong><br>Fliederweg 113<\/p>\n\n\n\n<hr class=\"wp-block-separator has-alpha-channel-opacity\" \/>\n\n\n\n<h2 class=\"wp-block-heading\">Fachberater Kolonie Rosendorf<\/h2>\n\n\n\n<p><strong>Mario Carricchi<\/strong><br>In den K\u00e4mpen 13<\/p>\n\n\n\n<hr class=\"wp-block-separator has-alpha-channel-opacity\" \/>\n\n\n\n<h2 class=\"wp-block-heading\">Wegeobleute<\/h2>\n\n\n\n<p><strong>Margit de Becker<\/strong><br>Wickenweg 201a<\/p>\n\n\n\n<p><strong>Maria B\u00e4uerle<br><\/strong>Rosenweg 28a<\/p>\n\n\n\n<p><strong>Sigrid Krohn<\/strong><br>Kirschenwinkel 137<\/p>\n\n\n\n<p><strong>Daniel Claa\u00dfen<br><\/strong>In den K\u00e4mpen 10<\/p>\n\n\n\n<hr class=\"wp-block-separator has-alpha-channel-opacity\" \/>\n\n\n\n<h2 class=\"wp-block-heading\">Gartenfreund\/in mit Stromschl\u00fcssel<\/h2>\n\n\n\n<p><strong>Vera Thiele Probst<\/strong><br>In der Steintormasch 175<br>Tel.: 0176 812 73 057<\/p>\n\n\n\n<p><strong>Kerstin Samusch-Wolf-von Sandow<\/strong><br>Fliederweg 99<\/p>\n\n\n\n<p><strong>Heiko Flei\u00df<br><\/strong>Fliederweg 110<br>Tel.: 0151 721 20 595<\/p>\n\n\n\n<p><strong>Wolfgang Deppe<br><\/strong>Lilienweg 78<\/p>\n\n\n\n<p><strong>Inge Tschechne<br><\/strong>Rosenweg 44&nbsp;&nbsp;<br><br><strong>R\u00fcdiger Mei\u00dfner<br><\/strong>In den K\u00e4mpen 16<\/p>\n\n\n\n<p><strong>Sigrid B\u00e4hre-Krohn<\/strong><br>Kirschenwinkel 137<\/p>\n\n\n\n<p><strong>Dieter Herzog<br><\/strong>Im Kirschenwinkel 147<\/p>\n\n\n\n<p><strong>Margit de Becker<\/strong><br>Wickenweg 201<\/p>\n\n\n\n<p class=\"has-text-align-right\">Stand 28. Dezember 2024<\/p>\n\n\n\n<p>Hier gibt es die Funktionstr\u00e4gerliste zum ausdrucken: <\/p>\n\n\n\n<div class=\"wp-block-buttons is-layout-flex wp-block-buttons-is-layout-flex\">\n<div class=\"wp-block-button\"><a class=\"wp-block-button__link wp-element-button\" href=\"https:\/\/www.steintormasch.de\/rosendorf\/funktionstraeger-in-der-kolonie-rosendorf-28-12-2024\/\">Funktionstr\u00e4ger der Kolonie Rosendorf<\/a><\/div>\n<\/div>\n\n\n\n<p><\/p>\n","protected":false},"excerpt":{"rendered":"<p>Kolonieleitung Heiko Flei\u00df, 1. KolonieleiterFliederweg 110Tel.: 0151 721 20 595 Vera Thiele Probst, 2. KolonieleiterinIn der Steintormasch 175Tel.: 0176 812 73 057 Waltraud Kohrs, 1. KassiererinFliederweg 115 Julia Elvers, 1. Schriftf\u00fchrerinRosenweg 48 Trinkwasserschl\u00fcssel und Wassergeld Heiko Flei\u00dfFliederweg 110Tel.: 0151-721 20&#8230;<br \/><a class=\"read-more-button\" href=\"https:\/\/www.steintormasch.de\/rosendorf\/kontakte\/\">Mehr Lesen<\/a><\/p>\n","protected":false},"author":8,"featured_media":140,"parent":0,"menu_order":0,"comment_status":"closed","ping_status":"closed","template":"","meta":{"_mc_calendar":[],"footnotes":""},"class_list":["post-103","page","type-page","status-publish","has-post-thumbnail","hentry"],"_links":{"self":[{"href":"https:\/\/www.steintormasch.de\/rosendorf\/wp-json\/wp\/v2\/pages\/103","targetHints":{"allow":["GET"]}}],"collection":[{"href":"https:\/\/www.steintormasch.de\/rosendorf\/wp-json\/wp\/v2\/pages"}],"about":[{"href":"https:\/\/www.steintormasch.de\/rosendorf\/wp-json\/wp\/v2\/types\/page"}],"author":[{"embeddable":true,"href":"https:\/\/www.steintormasch.de\/rosendorf\/wp-json\/wp\/v2\/users\/8"}],"replies":[{"embeddable":true,"href":"https:\/\/www.steintormasch.de\/rosendorf\/wp-json\/wp\/v2\/comments?post=103"}],"version-history":[{"count":45,"href":"https:\/\/www.steintormasch.de\/rosendorf\/wp-json\/wp\/v2\/pages\/103\/revisions"}],"predecessor-version":[{"id":598,"href":"https:\/\/www.steintormasch.de\/rosendorf\/wp-json\/wp\/v2\/pages\/103\/revisions\/598"}],"wp:featuredmedia":[{"embeddable":true,"href":"https:\/\/www.steintormasch.de\/rosendorf\/wp-json\/wp\/v2\/media\/140"}],"wp:attachment":[{"href":"https:\/\/www.steintormasch.de\/rosendorf\/wp-json\/wp\/v2\/media?parent=103"}],"curies":[{"name":"wp","href":"https:\/\/api.w.org\/{rel}","templated":true}]}}