{"id":38,"date":"2016-12-30T23:07:02","date_gmt":"2016-12-30T22:07:02","guid":{"rendered":"http:\/\/web6456.websrv1.lcube-server.de\/rosendorf\/?page_id=38"},"modified":"2024-12-13T19:11:01","modified_gmt":"2024-12-13T18:11:01","slug":"newsletter","status":"publish","type":"page","link":"https:\/\/www.steintormasch.de\/rosendorf\/newsletter\/","title":{"rendered":"Newsletter"},"content":{"rendered":"\n<h2 class=\"wp-block-heading\">Liebe P\u00e4chter und Mitglieder der Kolonie Rosendorf,<\/h2>\n\n\n\n<p>um schnell und bequem \u00fcber Neues aus der Kolonie Rosendorf berichten und Ank\u00fcndigungen an Interessierte schicken zu k\u00f6nnen, haben wir uns entschlossen, eine e-Mail-Liste f\u00fcr einen sog. Newsletter zu erstellen.<\/p>\n\n\n\n<p>In unregelm\u00e4\u00dfigem Abstand flattern dann druckfrische Termine direkt in Euer Postfach.<\/p>\n\n\n\n<p>Nutzt f\u00fcr die Anmeldung bitte das folgende Formular.<\/p>\n\n\n\n<p>Um Euch aus der Verteiler-Liste auszutragen, w\u00e4hlt bitte in dem Feld &#8222;Newsletter&#8220; die Option &#8222;Abbestellen&#8220;.<br>\nEure E-Mail-Adresse bleibt uns dennoch erhalten, wird dann allerdings nur noch zur pers\u00f6nlichen Kommunikation und nicht mehr f\u00fcr die Verteilerliste verwendet.<\/p>\n\n\n\n<p><em><strong>Ganz wichtig: Es erfolgt KEINE Weitergabe Eurer Daten!<\/strong><\/em><\/p>\n\n\n\n<hr class=\"wp-block-separator has-alpha-channel-opacity\"\/>\n\n\n\n<p class=\"has-text-align-center\"><span class=\"animated animated-fadeInLeft\" style=\"display:inline-block;\"><i class=\"gardenicon\" >&#0090<\/i><\/span><\/p>\n\n\n\n<div class=\"wpcf7 no-js\" id=\"wpcf7-f41-o1\" lang=\"de-DE\" dir=\"ltr\" data-wpcf7-id=\"41\">\n<div class=\"screen-reader-response\"><p role=\"status\" aria-live=\"polite\" aria-atomic=\"true\"><\/p> <ul><\/ul><\/div>\n<form action=\"\/rosendorf\/wp-json\/wp\/v2\/pages\/38#wpcf7-f41-o1\" method=\"post\" class=\"wpcf7-form init\" aria-label=\"Kontaktformular\" novalidate=\"novalidate\" data-status=\"init\">\n<fieldset class=\"hidden-fields-container\"><input type=\"hidden\" name=\"_wpcf7\" value=\"41\" \/><input type=\"hidden\" name=\"_wpcf7_version\" value=\"6.1.5\" \/><input type=\"hidden\" name=\"_wpcf7_locale\" value=\"de_DE\" \/><input type=\"hidden\" name=\"_wpcf7_unit_tag\" value=\"wpcf7-f41-o1\" \/><input type=\"hidden\" name=\"_wpcf7_container_post\" value=\"0\" \/><input type=\"hidden\" name=\"_wpcf7_posted_data_hash\" value=\"\" \/>\n<\/fieldset>\n<p><label> Nachname (Pflichtfeld)<br \/>\n<span class=\"wpcf7-form-control-wrap\" data-name=\"nachname\"><input size=\"40\" maxlength=\"400\" class=\"wpcf7-form-control wpcf7-text wpcf7-validates-as-required\" aria-required=\"true\" aria-invalid=\"false\" value=\"\" type=\"text\" name=\"nachname\" \/><\/span> <\/label>\n<\/p>\n<p><label> Vorame (Pflichtfeld)<br \/>\n<span class=\"wpcf7-form-control-wrap\" data-name=\"vorame\"><input size=\"40\" maxlength=\"400\" class=\"wpcf7-form-control wpcf7-text wpcf7-validates-as-required\" aria-required=\"true\" aria-invalid=\"false\" value=\"\" type=\"text\" name=\"vorame\" \/><\/span> <\/label>\n<\/p>\n<p><label> Gartenummer (Pflichtfeld)<br \/>\n<span class=\"wpcf7-form-control-wrap\" data-name=\"gartenummer\"><input size=\"40\" maxlength=\"400\" class=\"wpcf7-form-control wpcf7-text wpcf7-validates-as-required\" aria-required=\"true\" aria-invalid=\"false\" value=\"\" type=\"text\" name=\"gartenummer\" \/><\/span> <\/label>\n<\/p>\n<p><label> Ihre E-Mail-Adresse (Pflichtfeld)<br \/>\n<span class=\"wpcf7-form-control-wrap\" data-name=\"your-email\"><input size=\"40\" maxlength=\"400\" class=\"wpcf7-form-control wpcf7-email wpcf7-validates-as-required wpcf7-text wpcf7-validates-as-email\" aria-required=\"true\" aria-invalid=\"false\" value=\"\" type=\"email\" name=\"your-email\" \/><\/span> <\/label>\n<\/p>\n<p><label> Mitglied Kolonie Rosendorf<\/label><br \/>\n<span class=\"wpcf7-form-control-wrap\" data-name=\"MitgliedKolRosendorf\"><span class=\"wpcf7-form-control wpcf7-radio\"><span class=\"wpcf7-list-item first\"><input type=\"radio\" name=\"MitgliedKolRosendorf\" value=\"Ja\" checked=\"checked\" \/><span class=\"wpcf7-list-item-label\">Ja<\/span><\/span><span class=\"wpcf7-list-item last\"><input type=\"radio\" name=\"MitgliedKolRosendorf\" value=\"Nein\" \/><span class=\"wpcf7-list-item-label\">Nein<\/span><\/span><\/span><\/span>\n<\/p>\n<p><label>Newsletter<\/label><br \/>\n<span class=\"wpcf7-form-control-wrap\" data-name=\"Newsletterbestellen\"><span class=\"wpcf7-form-control wpcf7-radio\"><span class=\"wpcf7-list-item first\"><input type=\"radio\" name=\"Newsletterbestellen\" value=\"bestellen\" checked=\"checked\" \/><span class=\"wpcf7-list-item-label\">bestellen<\/span><\/span><span class=\"wpcf7-list-item last\"><input type=\"radio\" name=\"Newsletterbestellen\" value=\"abbestellen\" \/><span class=\"wpcf7-list-item-label\">abbestellen<\/span><\/span><\/span><\/span>\n<\/p>\n<p><label> \u201eDie abgesendeten Daten werden nur zum Zweck der Bearbeitung Ihres Anliegens verarbeitet. Weitere Informationen finden Sie in unserer <a href=\"http:\/\/www.steintormasch.de\/datenschutz\/\"> Datenschutz<\/a>\u201c. <\/label><br \/>\n<span class=\"wpcf7-form-control-wrap\" data-name=\"acceptance-621\"><span class=\"wpcf7-form-control wpcf7-acceptance\"><span class=\"wpcf7-list-item\"><input type=\"checkbox\" name=\"acceptance-621\" value=\"1\" aria-invalid=\"false\" \/><\/span><\/span><\/span><br \/>\n<input class=\"wpcf7-form-control wpcf7-submit has-spinner\" type=\"submit\" value=\"Absenden\" \/>\n<\/p><div class=\"wpcf7-response-output\" aria-hidden=\"true\"><\/div>\n<\/form>\n<\/div>\n\n","protected":false},"excerpt":{"rendered":"<p>Liebe P\u00e4chter und Mitglieder der Kolonie Rosendorf, um schnell und bequem \u00fcber Neues aus der Kolonie Rosendorf berichten und Ank\u00fcndigungen an Interessierte schicken zu k\u00f6nnen, haben wir uns entschlossen, eine e-Mail-Liste f\u00fcr einen sog. Newsletter zu erstellen. In unregelm\u00e4\u00dfigem Abstand&#8230;<br \/><a class=\"read-more-button\" href=\"https:\/\/www.steintormasch.de\/rosendorf\/newsletter\/\">Mehr Lesen<\/a><\/p>\n","protected":false},"author":2,"featured_media":83,"parent":0,"menu_order":5,"comment_status":"closed","ping_status":"closed","template":"","meta":{"_mc_calendar":[],"footnotes":""},"class_list":["post-38","page","type-page","status-publish","has-post-thumbnail","hentry"],"_links":{"self":[{"href":"https:\/\/www.steintormasch.de\/rosendorf\/wp-json\/wp\/v2\/pages\/38","targetHints":{"allow":["GET"]}}],"collection":[{"href":"https:\/\/www.steintormasch.de\/rosendorf\/wp-json\/wp\/v2\/pages"}],"about":[{"href":"https:\/\/www.steintormasch.de\/rosendorf\/wp-json\/wp\/v2\/types\/page"}],"author":[{"embeddable":true,"href":"https:\/\/www.steintormasch.de\/rosendorf\/wp-json\/wp\/v2\/users\/2"}],"replies":[{"embeddable":true,"href":"https:\/\/www.steintormasch.de\/rosendorf\/wp-json\/wp\/v2\/comments?post=38"}],"version-history":[{"count":11,"href":"https:\/\/www.steintormasch.de\/rosendorf\/wp-json\/wp\/v2\/pages\/38\/revisions"}],"predecessor-version":[{"id":515,"href":"https:\/\/www.steintormasch.de\/rosendorf\/wp-json\/wp\/v2\/pages\/38\/revisions\/515"}],"wp:featuredmedia":[{"embeddable":true,"href":"https:\/\/www.steintormasch.de\/rosendorf\/wp-json\/wp\/v2\/media\/83"}],"wp:attachment":[{"href":"https:\/\/www.steintormasch.de\/rosendorf\/wp-json\/wp\/v2\/media?parent=38"}],"curies":[{"name":"wp","href":"https:\/\/api.w.org\/{rel}","templated":true}]}}