{"id":7,"date":"2016-12-18T22:52:52","date_gmt":"2016-12-18T21:52:52","guid":{"rendered":"http:\/\/web6456.websrv1.lcube-server.de\/rosendorf\/?page_id=7"},"modified":"2025-04-15T08:20:09","modified_gmt":"2025-04-15T06:20:09","slug":"startseite","status":"publish","type":"page","link":"https:\/\/www.steintormasch.de\/rosendorf\/","title":{"rendered":"Startseite"},"content":{"rendered":"\n<p>&nbsp;<\/p>\n\n\n\n<div class=\"wp-block-group\"><div class=\"wp-block-group__inner-container is-layout-constrained wp-block-group-is-layout-constrained\">\n<h2 class=\"wp-block-heading\">Aktuelle Meldungen<\/h2>\n\n\n<article class=\"latest-post\"><h2><a href=\"https:\/\/www.steintormasch.de\/rosendorf\/kompostaktion-fuer-die-rosendorf-community\/\">Kompostaktion f\u00fcr die Rosendorf-Community<\/a><\/h2><div class=\"post-entry-content\"> <\/div><\/article><article class=\"latest-post\"><h2><a href=\"https:\/\/www.steintormasch.de\/rosendorf\/gemeinschaftsarbeit-alle-termine-fuer-2026\/\">Gemeinschaftsarbeit &#8211; Alle Termine f\u00fcr 2026<\/a><\/h2><div class=\"post-entry-content\"> <\/div><\/article>\n<\/div><\/div>\n\n\n\n<hr class=\"wp-block-separator has-alpha-channel-opacity\"\/>\n\n\n\n<div class=\"wp-block-group\"><div class=\"wp-block-group__inner-container is-layout-constrained wp-block-group-is-layout-constrained\">\n<h2 class=\"wp-block-heading\">Aktuelle Termine<br><br><\/h2>\n\n\n\r\n<div id='mc-948a6a8e8cd15db324902317a630b853' class='mc-main mcjs gridjs minijs ajaxjs inherit card month mc-948a6a8e8cd15db324902317a630b853 has-modal is-main-view' >\n<script type=\"application\/ld+json\">\n[{\"@context\":\"https:\/\/schema.org\",\"@type\":\"Event\",\"name\":\"Kolonieversammlungen 2026\",\"description\":\"&lt;p&gt;Die Versammlungen der f\\u00fcnf Kolonien finden jeweils um 18.00 Uhr im Caf\\u00e8 Steintormasch statt.&lt;\/p&gt;\\n\",\"image\":\"\",\"url\":\"https:\/\/www.steintormasch.de\/rosendorf\/termine\/?mc_id=85\",\"startDate\":\"2026-04-09T18:00:00+02:00\",\"endDate\":\"2026-04-09T20:00:00+02:00\",\"duration\":\"PT2H\",\"eventAttendanceMode\":\"https:\/\/schema.org\/OfflineEventAttendanceMode\",\"location\":{\"@context\":\"https:\/\/schema.org\",\"@type\":\"Place\",\"name\":\"Caf\\u00e9 Steintormasch\",\"description\":\"\",\"url\":\"https:\/\/www.steintormasch.de\/rosendorf\/gemeinschaftsarbeit-alle-termine-fuer-2026\/\",\"address\":{\"@type\":\"PostalAddress\",\"streetAddress\":\"In der Steintormasch 5\",\"addressLocality\":\"Hannover\",\"addressRegion\":\"\",\"postalCode\":\"30167\",\"addressCountry\":\"\"},\"telephone\":\"n\/a\",\"sameAs\":\"\"}},{\"@context\":\"https:\/\/schema.org\",\"@type\":\"Event\",\"name\":\"Startklar ins Gartenjahr\",\"description\":\"&lt;p&gt;Bodenpflege, D\\u00fcngung und erfolgreich torffrei g\\u00e4rtnern. Wie wird die Fruchtbarkeit des Gartenbodens verbessert und langfristig erhalten?&lt;br \/&gt;\\nAnmeldung erforderlich.&lt;\/p&gt;\\n\",\"image\":\"\",\"url\":\"https:\/\/www.steintormasch.de\/rosendorf\/termine\/?mc_id=75\",\"startDate\":\"2026-04-10T18:00:00+02:00\",\"endDate\":\"2026-04-10T20:00:00+02:00\",\"duration\":\"PT2H\",\"eventAttendanceMode\":\"https:\/\/schema.org\/OfflineEventAttendanceMode\",\"location\":{\"@context\":\"https:\/\/schema.org\",\"@type\":\"Place\",\"name\":\"Vereinshaus\",\"description\":\"\",\"url\":\"https:\/\/www.steintormasch.de\/rosendorf\/gemeinschaftsarbeit-alle-termine-fuer-2026\/\",\"address\":{\"@type\":\"PostalAddress\",\"streetAddress\":\"In der Steintormasch 5\",\"addressLocality\":\"Hannover\",\"addressRegion\":\"Niedersachsen\",\"postalCode\":\"30167\",\"addressCountry\":\"Deutschland\"},\"telephone\":\"0511 1695312\",\"sameAs\":\"https:\/\/steintormasch.de\"}},[],{\"@context\":\"https:\/\/schema.org\",\"@type\":\"Event\",\"name\":\"Saubere Steintormasch 2026\",\"description\":\"&lt;p&gt;Vor Beginn der Gartensaison wollen wir gemeinsam unser Vereinsgela\\u0308nde von achtlos weggeworfenem Unrat befreien.&lt;\/p&gt;\\n\",\"image\":\"\",\"url\":\"https:\/\/www.steintormasch.de\/rosendorf\/termine\/?mc_id=65\",\"startDate\":\"2026-04-18T10:00:00+02:00\",\"endDate\":\"2026-04-18T12:00:00+02:00\",\"duration\":\"PT2H\",\"eventAttendanceMode\":\"https:\/\/schema.org\/OfflineEventAttendanceMode\",\"location\":{\"@context\":\"https:\/\/schema.org\",\"@type\":\"Place\",\"name\":\"Vereinsgel\\u00e4nde\",\"description\":\"\",\"url\":\"https:\/\/www.steintormasch.de\/rosendorf\/gemeinschaftsarbeit-alle-termine-fuer-2026\/\",\"address\":{\"@type\":\"PostalAddress\",\"streetAddress\":\"\",\"addressLocality\":\"\",\"addressRegion\":\"\",\"postalCode\":\"\",\"addressCountry\":\"\"},\"telephone\":\"n\/a\",\"sameAs\":\"\"}},[],[],{\"@context\":\"https:\/\/schema.org\",\"@type\":\"Event\",\"name\":\"Sprechtage des Vereins f\\u00fcr Bewerberinnen und Bewerber\",\"description\":\"&lt;p&gt;Unsere Sprechtage f\\u00fcr Garteninteressierte starten in diesem Gartenjahr am 5. Mai 2026 und finden nachfolgend alle 2 Monate am ersten Dienstag des Monats, 18:00 bis 19:00 Uhr im Caf\\u00e9 Steintormasch statt.&lt;\/p&gt;\\n\",\"image\":\"\",\"url\":\"https:\/\/www.steintormasch.de\/rosendorf\/termine\/?mc_id=103\",\"startDate\":\"2026-05-05T18:00:00+02:00\",\"endDate\":\"2026-05-05T19:00:00+02:00\",\"duration\":\"PT1H\",\"eventAttendanceMode\":\"https:\/\/schema.org\/OfflineEventAttendanceMode\",\"location\":{\"@context\":\"https:\/\/schema.org\",\"@type\":\"Place\",\"name\":\"Caf\\u00e9 Steintormasch\",\"description\":\"\",\"url\":\"https:\/\/www.steintormasch.de\/rosendorf\/gemeinschaftsarbeit-alle-termine-fuer-2026\/\",\"address\":{\"@type\":\"PostalAddress\",\"streetAddress\":\"In der Steintormasch 5\",\"addressLocality\":\"Hannover\",\"addressRegion\":\"\",\"postalCode\":\"30167\",\"addressCountry\":\"\"},\"telephone\":\"n\/a\",\"sameAs\":\"\"}},{\"@context\":\"https:\/\/schema.org\",\"@type\":\"Event\",\"name\":\"Vogelexkursionen f\\u00fcr interessierte Mitglieder der Vereine\",\"description\":\"&lt;p&gt;Der Ornithologe Uwe R\\u00f6hrs f\\u00fchrt an drei Terminen durch verschiedene Kleingartenanlagen und erkl\\u00e4rt Wissenswertes rund um die spannende Vogelwelt.&lt;br \/&gt;\\nAnmeldung erforderlich.&lt;\/p&gt;\\n\",\"image\":\"\",\"url\":\"https:\/\/www.steintormasch.de\/rosendorf\/termine\/?mc_id=102\",\"startDate\":\"2026-05-06T06:00:00+02:00\",\"endDate\":\"2026-05-06T08:00:00+02:00\",\"duration\":\"PT2H\",\"eventAttendanceMode\":\"https:\/\/schema.org\/OfflineEventAttendanceMode\",\"location\":{\"@context\":\"https:\/\/schema.org\",\"@type\":\"Place\",\"name\":\"Vereinshaus\",\"description\":\"\",\"url\":\"https:\/\/www.steintormasch.de\/rosendorf\/gemeinschaftsarbeit-alle-termine-fuer-2026\/\",\"address\":{\"@type\":\"PostalAddress\",\"streetAddress\":\"In der Steintormasch 5\",\"addressLocality\":\"Hannover\",\"addressRegion\":\"Niedersachsen\",\"postalCode\":\"30167\",\"addressCountry\":\"Deutschland\"},\"telephone\":\"0511 1695312\",\"sameAs\":\"https:\/\/steintormasch.de\"}},[],{\"@context\":\"https:\/\/schema.org\",\"@type\":\"Event\",\"name\":\"Kompostaktion f\\u00fcr die Rosendorf-Community\",\"description\":\"Liebe Rosendorferinnen und Rosendorfer, auf Wunsch vieler P\\u00e4chterinnen und P\\u00e4chter unserer Kolonie, wird es wieder eine Kompostlieferung in der Kolonie Rosendorf geben. Der angelieferte Kompost soll nicht dazu dienen, die Hochbeete zu bef\\u00fcllen. Vielmehr ist er zur Bodenverbesserung unserer Obst- und Gem\\u00fcsebeete bestimmt. Wenn wir uns alle an diese Maxime halten, dann wird sicherlich f\\u00fcr&hellip;\",\"image\":\"\",\"url\":\"https:\/\/www.steintormasch.de\/rosendorf\/termine\/?mc_id=105\",\"startDate\":\"2026-05-21T15:00:00+02:00\",\"endDate\":\"2026-05-21T17:00:00+02:00\",\"duration\":\"PT2H\",\"eventAttendanceMode\":\"https:\/\/schema.org\/OnlineEventAttendanceMode\",\"location\":{\"@type\":\"VirtualLocation\",\"url\":\"https:\/\/www.steintormasch.de\/rosendorf\/termine\/?mc_id=105\"}},{\"@context\":\"https:\/\/schema.org\",\"@type\":\"Event\",\"name\":\"Das Eis Fahrrad kommt!\",\"description\":\"Am 13.06.2026 kommt das Eis-Fahrrad zu uns in die Kolonie\\u2026 Liebe kleine Rosendorfer und liebe gro\\u00dfe Rosendorfer, in der Zeit von 15:00 bis 17:00 Uhr k\\u00f6nnt Ihr wieder k\\u00f6stliche Eissorten aus der Eismanufaktur Birne &amp; Beere unentgeltlich zu Euch nehmen. Wir freuen uns schon, auf zahlreiches Erscheinen Eurerseits. Bitte habt Verst\\u00e4ndnis, das diese Aktion nur&hellip;\",\"image\":\"\",\"url\":\"https:\/\/www.steintormasch.de\/rosendorf\/termine\/?mc_id=70\",\"startDate\":\"2026-06-13T15:00:00+02:00\",\"endDate\":\"2026-06-13T17:00:00+02:00\",\"duration\":\"PT2H\",\"eventAttendanceMode\":\"https:\/\/schema.org\/OnlineEventAttendanceMode\",\"location\":{\"@type\":\"VirtualLocation\",\"url\":\"https:\/\/www.steintormasch.de\/rosendorf\/termine\/?mc_id=70\"}},{\"@context\":\"https:\/\/schema.org\",\"@type\":\"Event\",\"name\":\"Jahreshauptversammlung 2026\",\"description\":\"Die Jahreshauptversammlung des KGV Vereinigte Steintormasch e.V. findet am 18. Juni 2026 um 18.00 im Caf\\u00e9 Steintormasch statt.\",\"image\":\"\",\"url\":\"https:\/\/www.steintormasch.de\/rosendorf\/termine\/?mc_id=84\",\"startDate\":\"2026-06-18T18:00:00+02:00\",\"endDate\":\"2026-06-18T20:00:00+02:00\",\"duration\":\"PT2H\",\"eventAttendanceMode\":\"https:\/\/schema.org\/OfflineEventAttendanceMode\",\"location\":{\"@context\":\"https:\/\/schema.org\",\"@type\":\"Place\",\"name\":\"Caf\\u00e9 Steintormasch\",\"description\":\"\",\"url\":\"https:\/\/www.steintormasch.de\/rosendorf\/gemeinschaftsarbeit-alle-termine-fuer-2026\/\",\"address\":{\"@type\":\"PostalAddress\",\"streetAddress\":\"In der Steintormasch 5\",\"addressLocality\":\"Hannover\",\"addressRegion\":\"\",\"postalCode\":\"30167\",\"addressCountry\":\"\"},\"telephone\":\"n\/a\",\"sameAs\":\"\"}},{\"@context\":\"https:\/\/schema.org\",\"@type\":\"Event\",\"name\":\"Jubil\\u00e4umsfeier\",\"description\":\"&lt;p&gt;f\\u00fcr Gartenfreundinnen und Gartenfreunde, die dem Verein seit 25, 40 oder 50 Jahren die Treue halten.&lt;\/p&gt;\\n\",\"image\":\"\",\"url\":\"https:\/\/www.steintormasch.de\/rosendorf\/termine\/?mc_id=76\",\"startDate\":\"2026-08-22T18:00:00+02:00\",\"endDate\":\"2026-08-22T19:00:00+02:00\",\"duration\":\"PT1H\",\"eventAttendanceMode\":\"https:\/\/schema.org\/OfflineEventAttendanceMode\",\"location\":{\"@context\":\"https:\/\/schema.org\",\"@type\":\"Place\",\"name\":\"Vereinshaus\",\"description\":\"\",\"url\":\"https:\/\/www.steintormasch.de\/rosendorf\/gemeinschaftsarbeit-alle-termine-fuer-2026\/\",\"address\":{\"@type\":\"PostalAddress\",\"streetAddress\":\"In der Steintormasch 5\",\"addressLocality\":\"Hannover\",\"addressRegion\":\"Niedersachsen\",\"postalCode\":\"30167\",\"addressCountry\":\"Deutschland\"},\"telephone\":\"0511 1695312\",\"sameAs\":\"https:\/\/steintormasch.de\"}}]\n<\/script>\n<h2 id=\"mc_head_mc-948a6a8e8cd15db324902317a630b853\" class=\"heading my-calendar-month\"><span>&nbsp;<\/span><\/h2>\n<div class=\"my-calendar-cards\"><article id='mc_card_09_101-card-101' class='mc-mc_card_101 card-event mc_kolonie-rosendorf mc_no-location  past-event mc_primary_kolonie-rosendorf nonrecurring mc mc-start-00-00 ungrouped mc-event-53 mc-events mc-event mc_rel_kolonierosendorf'><header>\t<h4 class='event-title summary' id='mc_101-title-mc-948a6a8e8cd15db324902317a630b853'><a href='https:\/\/www.steintormasch.de\/rosendorf\/termine\/?mc_id=101' class='url summary' rel=\"nofollow\"><div>Kolonieversammlung der Kolonie Rosendorf 2026<\/div><\/a><\/h4>\n<\/header><div id='mc_card_09_101-card-details-101' class='details no-image'  aria-labelledby='mc_101-title-mc-948a6a8e8cd15db324902317a630b853'>\n<div class=\"mc-card-date\">\r\n    <time class=\"mc-date-badge\" datetime=\"2026-04-09\"><span class=\"month\">Apr.<\/span><span class=\"day\">9<\/span><\/time><\/div>\r\n<div class=\"mc-event-container\">\r\n    \r\n    <div class=\"mc-card-content\">\r\n                Am Do. 09.04.2026 um 18 Uhr im Saal Caf\u00e9 Steintormasch In der Steintormasch 5, 30167 Hannover &nbsp; Hier geht\u00b4s zum Flyer: Kolonieversammlung 2026 der Kolonie Rosendorf        <div class=\"more-link\"><a href=\"https:\/\/www.steintormasch.de\/rosendorf\/termine\/?mc_id=101\" class=\"button\">weiter lesen<\/a><\/div>\r\n    <\/div>\r\n<\/div><\/div><!--end .details--><\/article><article id='mc_card_09_85-card-85' class='mc-mc_card_85 card-event mc_verein mc_caf-steintormasch  past-event mc_primary_verein nonrecurring mc-2-stunden mc-start-18-00 ungrouped mc-event-58 mc-events mc-event mc_rel_verein'><header>\t<h4 class='event-title summary' id='mc_85-title-mc-948a6a8e8cd15db324902317a630b853'><a href='https:\/\/www.steintormasch.de\/rosendorf\/termine\/?mc_id=85' class='url summary' rel=\"nofollow\"><div>Kolonieversammlungen 2026<\/div><\/a><\/h4>\n<\/header><div id='mc_card_09_85-card-details-85' class='details no-image'  aria-labelledby='mc_85-title-mc-948a6a8e8cd15db324902317a630b853'>\n<div class=\"mc-card-date\">\r\n    <time class=\"mc-date-badge\" datetime=\"2026-04-09\"><span class=\"month\">Apr.<\/span><span class=\"day\">9<\/span><\/time><\/div>\r\n<div class=\"mc-event-container\">\r\n    \r\n    <div class=\"mc-card-content\">\r\n                <p>Die Versammlungen der f\u00fcnf Kolonien finden jeweils um 18.00 Uhr im Caf\u00e8 Steintormasch statt.<\/p>\n        <div class=\"more-link\"><a href=\"https:\/\/www.steintormasch.de\/rosendorf\/termine\/?mc_id=85\" class=\"button\">weiter lesen<\/a><\/div>\r\n    <\/div>\r\n<\/div><\/div><!--end .details--><\/article><article id='mc_card_10_75-card-75' class='mc-mc_card_75 card-event mc_verein mc_vereinshaus  past-event mc_primary_verein nonrecurring mc-2-stunden mc-start-18-00 ungrouped mc-event-56 mc-events mc-event mc_rel_verein'><header>\t<h4 class='event-title summary' id='mc_75-title-mc-948a6a8e8cd15db324902317a630b853'><a href='https:\/\/www.steintormasch.de\/rosendorf\/termine\/?mc_id=75' class='url summary' rel=\"nofollow\"><div>Startklar ins Gartenjahr<\/div><\/a><\/h4>\n<\/header><div id='mc_card_10_75-card-details-75' class='details no-image'  aria-labelledby='mc_75-title-mc-948a6a8e8cd15db324902317a630b853'>\n<div class=\"mc-card-date\">\r\n    <time class=\"mc-date-badge\" datetime=\"2026-04-10\"><span class=\"month\">Apr.<\/span><span class=\"day\">10<\/span><\/time><\/div>\r\n<div class=\"mc-event-container\">\r\n    \r\n    <div class=\"mc-card-content\">\r\n                <p>Bodenpflege, D\u00fcngung und erfolgreich torffrei g\u00e4rtnern. Wie wird die Fruchtbarkeit des Gartenbodens verbessert und langfristig erhalten?<br \/>\nAnmeldung erforderlich.<\/p>\n        <div class=\"more-link\"><a href=\"https:\/\/www.steintormasch.de\/rosendorf\/termine\/?mc_id=75\" class=\"button\">weiter lesen<\/a><\/div>\r\n    <\/div>\r\n<\/div><\/div><!--end .details--><\/article><article id='mc_card_18_65-card-65' class='mc-mc_card_65 card-event mc_verein mc_vereinsgelnde  past-event mc_primary_verein nonrecurring mc-2-stunden mc-start-10-00 ungrouped mc-event-48 mc-events mc-event mc_rel_verein'><header>\t<h4 class='event-title summary' id='mc_65-title-mc-948a6a8e8cd15db324902317a630b853'><a href='https:\/\/www.steintormasch.de\/rosendorf\/termine\/?mc_id=65' class='url summary' rel=\"nofollow\"><div>Saubere Steintormasch 2026<\/div><\/a><\/h4>\n<\/header><div id='mc_card_18_65-card-details-65' class='details no-image'  aria-labelledby='mc_65-title-mc-948a6a8e8cd15db324902317a630b853'>\n<div class=\"mc-card-date\">\r\n    <time class=\"mc-date-badge\" datetime=\"2026-04-18\"><span class=\"month\">Apr.<\/span><span class=\"day\">18<\/span><\/time><\/div>\r\n<div class=\"mc-event-container\">\r\n    \r\n    <div class=\"mc-card-content\">\r\n                <p>Vor Beginn der Gartensaison wollen wir gemeinsam unser Vereinsgela\u0308nde von achtlos weggeworfenem Unrat befreien.<\/p>\n        <div class=\"more-link\"><a href=\"https:\/\/www.steintormasch.de\/rosendorf\/termine\/?mc_id=65\" class=\"button\">weiter lesen<\/a><\/div>\r\n    <\/div>\r\n<\/div><\/div><!--end .details--><\/article><article id='mc_card_05_103-card-103' class='mc-mc_card_103 card-event mc_verein mc_caf-steintormasch  future-event mc_primary_verein nonrecurring mc-1-stunde mc-start-18-00 ungrouped mc-event-6 mc-events mc-event mc_rel_verein'><header>\t<h4 class='event-title summary' id='mc_103-title-mc-948a6a8e8cd15db324902317a630b853'><a href='https:\/\/www.steintormasch.de\/rosendorf\/termine\/?mc_id=103' class='url summary' ><div>Sprechtage des Vereins f\u00fcr Bewerberinnen und Bewerber<\/div><\/a><\/h4>\n<\/header><div id='mc_card_05_103-card-details-103' class='details no-image'  aria-labelledby='mc_103-title-mc-948a6a8e8cd15db324902317a630b853'>\n<div class=\"mc-card-date\">\r\n    <time class=\"mc-date-badge\" datetime=\"2026-05-05\"><span class=\"month\">Mai<\/span><span class=\"day\">5<\/span><\/time><\/div>\r\n<div class=\"mc-event-container\">\r\n    \r\n    <div class=\"mc-card-content\">\r\n                <p>Unsere Sprechtage f\u00fcr Garteninteressierte starten in diesem Gartenjahr am 5. Mai 2026 und finden nachfolgend alle 2 Monate am ersten Dienstag des Monats, 18:00 bis 19:00 Uhr im Caf\u00e9 Steintormasch statt.<\/p>\n        <div class=\"more-link\"><a href=\"https:\/\/www.steintormasch.de\/rosendorf\/termine\/?mc_id=103\" class=\"button\">weiter lesen<\/a><\/div>\r\n    <\/div>\r\n<\/div><\/div><!--end .details--><\/article><article id='mc_card_06_102-card-102' class='mc-mc_card_102 card-event mc_verein mc_vereinshaus  future-event mc_primary_verein nonrecurring mc-2-stunden mc-start-06-00 ungrouped mc-event-59 mc-events mc-event mc_rel_verein'><header>\t<h4 class='event-title summary' id='mc_102-title-mc-948a6a8e8cd15db324902317a630b853'><a href='https:\/\/www.steintormasch.de\/rosendorf\/termine\/?mc_id=102' class='url summary' ><div>Vogelexkursionen f\u00fcr interessierte Mitglieder der Vereine<\/div><\/a><\/h4>\n<\/header><div id='mc_card_06_102-card-details-102' class='details no-image'  aria-labelledby='mc_102-title-mc-948a6a8e8cd15db324902317a630b853'>\n<div class=\"mc-card-date\">\r\n    <time class=\"mc-date-badge\" datetime=\"2026-05-06\"><span class=\"month\">Mai<\/span><span class=\"day\">6<\/span><\/time><\/div>\r\n<div class=\"mc-event-container\">\r\n    \r\n    <div class=\"mc-card-content\">\r\n                <p>Der Ornithologe Uwe R\u00f6hrs f\u00fchrt an drei Terminen durch verschiedene Kleingartenanlagen und erkl\u00e4rt Wissenswertes rund um die spannende Vogelwelt.<br \/>\nAnmeldung erforderlich.<\/p>\n        <div class=\"more-link\"><a href=\"https:\/\/www.steintormasch.de\/rosendorf\/termine\/?mc_id=102\" class=\"button\">weiter lesen<\/a><\/div>\r\n    <\/div>\r\n<\/div><\/div><!--end .details--><\/article><article id='mc_card_21_105-card-105' class='mc-mc_card_105 card-event mc_gemeinschaftsarbeit-kolonie-rosendorf mc_no-location  future-event mc_primary_gemeinschaftsarbeit-kolonie-rosendorf nonrecurring mc-2-stunden mc-start-15-00 ungrouped mc-event-61 mc-events mc-event mc_rel_gemeinschaftsarbeitkolonierosendorf'><header>\t<h4 class='event-title summary' id='mc_105-title-mc-948a6a8e8cd15db324902317a630b853'><a href='https:\/\/www.steintormasch.de\/rosendorf\/termine\/?mc_id=105' class='url summary' ><div>Kompostaktion f\u00fcr die Rosendorf-Community<\/div><\/a><\/h4>\n<\/header><div id='mc_card_21_105-card-details-105' class='details no-image'  aria-labelledby='mc_105-title-mc-948a6a8e8cd15db324902317a630b853'>\n<div class=\"mc-card-date\">\r\n    <time class=\"mc-date-badge\" datetime=\"2026-05-21\"><span class=\"month\">Mai<\/span><span class=\"day\">21<\/span><\/time><\/div>\r\n<div class=\"mc-event-container\">\r\n    \r\n    <div class=\"mc-card-content\">\r\n                Liebe Rosendorferinnen und Rosendorfer, auf Wunsch vieler P\u00e4chterinnen und P\u00e4chter unserer Kolonie, wird es wieder eine Kompostlieferung in der Kolonie Rosendorf geben. Der angelieferte Kompost soll nicht dazu dienen, die Hochbeete zu bef\u00fcllen. Vielmehr ist er zur Bodenverbesserung unserer Obst- und Gem\u00fcsebeete bestimmt. Wenn wir uns alle an diese Maxime halten, dann wird sicherlich f\u00fcr&hellip;        <div class=\"more-link\"><a href=\"https:\/\/www.steintormasch.de\/rosendorf\/termine\/?mc_id=105\" class=\"button\">weiter lesen<\/a><\/div>\r\n    <\/div>\r\n<\/div><\/div><!--end .details--><\/article><article id='mc_card_13_70-card-70' class='mc-mc_card_70 card-event mc_kolonie-rosendorf mc_no-location  future-event mc_primary_kolonie-rosendorf nonrecurring mc-2-stunden mc-start-15-00 ungrouped mc-event-52 mc-events mc-event mc_rel_kolonierosendorf'><header>\t<h4 class='event-title summary' id='mc_70-title-mc-948a6a8e8cd15db324902317a630b853'><a href='https:\/\/www.steintormasch.de\/rosendorf\/termine\/?mc_id=70' class='url summary' ><div>Das Eis Fahrrad kommt!<\/div><\/a><\/h4>\n<\/header><div id='mc_card_13_70-card-details-70' class='details no-image'  aria-labelledby='mc_70-title-mc-948a6a8e8cd15db324902317a630b853'>\n<div class=\"mc-card-date\">\r\n    <time class=\"mc-date-badge\" datetime=\"2026-06-13\"><span class=\"month\">Juni<\/span><span class=\"day\">13<\/span><\/time><\/div>\r\n<div class=\"mc-event-container\">\r\n    \r\n    <div class=\"mc-card-content\">\r\n                Am 13.06.2026 kommt das Eis-Fahrrad zu uns in die Kolonie\u2026 Liebe kleine Rosendorfer und liebe gro\u00dfe Rosendorfer, in der Zeit von 15:00 bis 17:00 Uhr k\u00f6nnt Ihr wieder k\u00f6stliche Eissorten aus der Eismanufaktur Birne &amp; Beere unentgeltlich zu Euch nehmen. Wir freuen uns schon, auf zahlreiches Erscheinen Eurerseits. Bitte habt Verst\u00e4ndnis, das diese Aktion nur&hellip;        <div class=\"more-link\"><a href=\"https:\/\/www.steintormasch.de\/rosendorf\/termine\/?mc_id=70\" class=\"button\">weiter lesen<\/a><\/div>\r\n    <\/div>\r\n<\/div><\/div><!--end .details--><\/article><article id='mc_card_18_84-card-84' class='mc-mc_card_84 card-event mc_verein mc_caf-steintormasch  future-event mc_primary_verein nonrecurring mc mc-start-18-00 ungrouped mc-event-3 mc-events mc-event mc_rel_verein'><header>\t<h4 class='event-title summary' id='mc_84-title-mc-948a6a8e8cd15db324902317a630b853'><a href='https:\/\/www.steintormasch.de\/rosendorf\/termine\/?mc_id=84' class='url summary' ><div>Jahreshauptversammlung 2026<\/div><\/a><\/h4>\n<\/header><div id='mc_card_18_84-card-details-84' class='details no-image'  aria-labelledby='mc_84-title-mc-948a6a8e8cd15db324902317a630b853'>\n<div class=\"mc-card-date\">\r\n    <time class=\"mc-date-badge\" datetime=\"2026-06-18\"><span class=\"month\">Juni<\/span><span class=\"day\">18<\/span><\/time><\/div>\r\n<div class=\"mc-event-container\">\r\n    \r\n    <div class=\"mc-card-content\">\r\n                Die Jahreshauptversammlung des KGV Vereinigte Steintormasch e.V. findet am 18. Juni 2026 um 18.00 im Caf\u00e9 Steintormasch statt.        <div class=\"more-link\"><a href=\"https:\/\/www.steintormasch.de\/rosendorf\/termine\/?mc_id=84\" class=\"button\">weiter lesen<\/a><\/div>\r\n    <\/div>\r\n<\/div><\/div><!--end .details--><\/article><article id='mc_card_22_72-card-72' class='mc-mc_card_72 card-event mc_kolonie-rosendorf mc_no-location  future-event mc_primary_kolonie-rosendorf nonrecurring mc-1-stunde mc-start-00-00 ungrouped mc-event-54 mc-events mc-event mc_rel_kolonierosendorf'><header>\t<h4 class='event-title summary' id='mc_72-title-mc-948a6a8e8cd15db324902317a630b853'><a href='https:\/\/www.steintormasch.de\/rosendorf\/termine\/?mc_id=72' class='url summary' ><div>5. Sommer Event \/ Sommerfest der Kolonie Rosendorf<\/div><\/a><\/h4>\n<\/header><div id='mc_card_22_72-card-details-72' class='details no-image'  aria-labelledby='mc_72-title-mc-948a6a8e8cd15db324902317a630b853'>\n<div class=\"mc-card-date\">\r\n    <time class=\"mc-date-badge\" datetime=\"2026-08-22\"><span class=\"month\">Aug.<\/span><span class=\"day\">22<\/span><\/time><\/div>\r\n<div class=\"mc-event-container\">\r\n    \r\n    <div class=\"mc-card-content\">\r\n                Weitere Infos Folgen \ud83d\ude09        <div class=\"more-link\"><a href=\"https:\/\/www.steintormasch.de\/rosendorf\/termine\/?mc_id=72\" class=\"button\">weiter lesen<\/a><\/div>\r\n    <\/div>\r\n<\/div><\/div><!--end .details--><\/article><article id='mc_card_22_76-card-76' class='mc-mc_card_76 card-event mc_verein mc_vereinshaus  future-event mc_primary_verein nonrecurring mc-1-stunde mc-start-18-00 ungrouped mc-event-57 mc-events mc-event mc_rel_verein'><header>\t<h4 class='event-title summary' id='mc_76-title-mc-948a6a8e8cd15db324902317a630b853'><a href='https:\/\/www.steintormasch.de\/rosendorf\/termine\/?mc_id=76' class='url summary' ><div>Jubil\u00e4umsfeier<\/div><\/a><\/h4>\n<\/header><div id='mc_card_22_76-card-details-76' class='details no-image'  aria-labelledby='mc_76-title-mc-948a6a8e8cd15db324902317a630b853'>\n<div class=\"mc-card-date\">\r\n    <time class=\"mc-date-badge\" datetime=\"2026-08-22\"><span class=\"month\">Aug.<\/span><span class=\"day\">22<\/span><\/time><\/div>\r\n<div class=\"mc-event-container\">\r\n    \r\n    <div class=\"mc-card-content\">\r\n                <p>f\u00fcr Gartenfreundinnen und Gartenfreunde, die dem Verein seit 25, 40 oder 50 Jahren die Treue halten.<\/p>\n        <div class=\"more-link\"><a href=\"https:\/\/www.steintormasch.de\/rosendorf\/termine\/?mc_id=76\" class=\"button\">weiter lesen<\/a><\/div>\r\n    <\/div>\r\n<\/div><\/div><!--end .details--><\/article><\/div><!-- .my-calendar-cards -->\r\n<\/div><!-- Close Main My Calendar Wrapper -->\n<\/div><\/div>\n","protected":false},"excerpt":{"rendered":"<p>&nbsp; Aktuelle Meldungen Aktuelle Termine<\/p>\n","protected":false},"author":2,"featured_media":54,"parent":0,"menu_order":1,"comment_status":"closed","ping_status":"closed","template":"template-without-title.php","meta":{"_mc_calendar":[],"footnotes":""},"class_list":["post-7","page","type-page","status-publish","has-post-thumbnail","hentry"],"_links":{"self":[{"href":"https:\/\/www.steintormasch.de\/rosendorf\/wp-json\/wp\/v2\/pages\/7","targetHints":{"allow":["GET"]}}],"collection":[{"href":"https:\/\/www.steintormasch.de\/rosendorf\/wp-json\/wp\/v2\/pages"}],"about":[{"href":"https:\/\/www.steintormasch.de\/rosendorf\/wp-json\/wp\/v2\/types\/page"}],"author":[{"embeddable":true,"href":"https:\/\/www.steintormasch.de\/rosendorf\/wp-json\/wp\/v2\/users\/2"}],"replies":[{"embeddable":true,"href":"https:\/\/www.steintormasch.de\/rosendorf\/wp-json\/wp\/v2\/comments?post=7"}],"version-history":[{"count":40,"href":"https:\/\/www.steintormasch.de\/rosendorf\/wp-json\/wp\/v2\/pages\/7\/revisions"}],"predecessor-version":[{"id":589,"href":"https:\/\/www.steintormasch.de\/rosendorf\/wp-json\/wp\/v2\/pages\/7\/revisions\/589"}],"wp:featuredmedia":[{"embeddable":true,"href":"https:\/\/www.steintormasch.de\/rosendorf\/wp-json\/wp\/v2\/media\/54"}],"wp:attachment":[{"href":"https:\/\/www.steintormasch.de\/rosendorf\/wp-json\/wp\/v2\/media?parent=7"}],"curies":[{"name":"wp","href":"https:\/\/api.w.org\/{rel}","templated":true}]}}