{"id":6,"date":"2016-12-18T23:09:45","date_gmt":"2016-12-18T22:09:45","guid":{"rendered":"http:\/\/web6456.websrv1.lcube-server.de\/wiesengrund\/?page_id=6"},"modified":"2025-04-15T08:23:16","modified_gmt":"2025-04-15T06:23:16","slug":"starteite","status":"publish","type":"page","link":"https:\/\/www.steintormasch.de\/wiesengrund\/","title":{"rendered":"Startseite"},"content":{"rendered":"\n<p class=\"has-text-align-center\">F\u00fcr aktuelle Termine bitte die<br>\n<strong>Aush\u00e4ngek\u00e4sten<\/strong><br>\nund die Ank\u00fcndigungen in der<br>\n<strong>&#8222;Garten und Familie&#8220;<\/strong><br>\nbeachten.<\/p>\n\n\n\n<hr class=\"wp-block-separator has-alpha-channel-opacity\"\/>\n\n\n\n<div class=\"wp-block-group\"><div class=\"wp-block-group__inner-container is-layout-constrained wp-block-group-is-layout-constrained\">\n<h2 class=\"wp-block-heading\">Aktuelle Meldungen<\/h2>\n\n\n<article class=\"latest-post\"><h2><a href=\"https:\/\/www.steintormasch.de\/wiesengrund\/sommerfest-2019\/\">Wichtige Informationen 2026 Der Kolonie Wiesengrund<\/a><\/h2><div class=\"post-entry-content\">Wichtige Informationen Unser Kolonieheim Zur Sonne feiert dieses Jahr 100 j\u00e4hriges bestehen Ein weiterer Gr\u00fcnschnitt Container wird vom Verein zur Verf\u00fcgung gestellt.Termin ist der 22.04 ab 16.00h r (In der Steintormasch (h\u00f6he Poggenkamp) Ruhezeiten im Verein Monat : 01.April bis...<br \/><a class=\"read-more-button\" href=\"https:\/\/www.steintormasch.de\/wiesengrund\/sommerfest-2019\/\">Mehr Lesen<\/a> <\/div><\/article>\n<\/div><\/div>\n\n\n\n<hr class=\"wp-block-separator has-alpha-channel-opacity\"\/>\n\n\n\n<div class=\"wp-block-group\"><div class=\"wp-block-group__inner-container is-layout-constrained wp-block-group-is-layout-constrained\">\n<h2 class=\"wp-block-heading\">Aktuelle Termine<br><br><\/h2>\n\n\n\r\n<div id='mc-948a6a8e8cd15db324902317a630b853' class='mc-main mcjs gridjs minijs ajaxjs inherit card month mc-948a6a8e8cd15db324902317a630b853 has-modal is-main-view' >\n<script type=\"application\/ld+json\">\n[{\"@context\":\"https:\/\/schema.org\",\"@type\":\"Event\",\"name\":\"Kolonieversammlungen 2026\",\"description\":\"&lt;p&gt;Die Versammlungen der f\\u00fcnf Kolonien finden jeweils um 18.00 Uhr im Caf\\u00e8 Steintormasch statt.&lt;\/p&gt;\\n\",\"image\":\"\",\"url\":\"https:\/\/www.steintormasch.de\/wiesengrund\/termine\/?mc_id=85\",\"startDate\":\"2026-04-09T18:00:00+02:00\",\"endDate\":\"2026-04-09T20:00:00+02:00\",\"duration\":\"PT2H\",\"eventAttendanceMode\":\"https:\/\/schema.org\/OfflineEventAttendanceMode\",\"location\":{\"@context\":\"https:\/\/schema.org\",\"@type\":\"Place\",\"name\":\"Caf\\u00e9 Steintormasch\",\"description\":\"\",\"url\":\"https:\/\/www.steintormasch.de\/wiesengrund\/sommerfest-2019\/\",\"address\":{\"@type\":\"PostalAddress\",\"streetAddress\":\"In der Steintormasch 5\",\"addressLocality\":\"Hannover\",\"addressRegion\":\"\",\"postalCode\":\"30167\",\"addressCountry\":\"\"},\"telephone\":\"n\/a\",\"sameAs\":\"\"}},{\"@context\":\"https:\/\/schema.org\",\"@type\":\"Event\",\"name\":\"Startklar ins Gartenjahr\",\"description\":\"&lt;p&gt;Bodenpflege, D\\u00fcngung und erfolgreich torffrei g\\u00e4rtnern. Wie wird die Fruchtbarkeit des Gartenbodens verbessert und langfristig erhalten?&lt;br \/&gt;\\nAnmeldung erforderlich.&lt;\/p&gt;\\n\",\"image\":\"\",\"url\":\"https:\/\/www.steintormasch.de\/wiesengrund\/termine\/?mc_id=75\",\"startDate\":\"2026-04-10T18:00:00+02:00\",\"endDate\":\"2026-04-10T20:00:00+02:00\",\"duration\":\"PT2H\",\"eventAttendanceMode\":\"https:\/\/schema.org\/OfflineEventAttendanceMode\",\"location\":{\"@context\":\"https:\/\/schema.org\",\"@type\":\"Place\",\"name\":\"Vereinshaus\",\"description\":\"\",\"url\":\"https:\/\/www.steintormasch.de\/wiesengrund\/sommerfest-2019\/\",\"address\":{\"@type\":\"PostalAddress\",\"streetAddress\":\"In der Steintormasch 5\",\"addressLocality\":\"Hannover\",\"addressRegion\":\"Niedersachsen\",\"postalCode\":\"30167\",\"addressCountry\":\"Deutschland\"},\"telephone\":\"0511 1695312\",\"sameAs\":\"https:\/\/steintormasch.de\"}},[],{\"@context\":\"https:\/\/schema.org\",\"@type\":\"Event\",\"name\":\"Saubere Steintormasch 2026\",\"description\":\"&lt;p&gt;Vor Beginn der Gartensaison wollen wir gemeinsam unser Vereinsgela\\u0308nde von achtlos weggeworfenem Unrat befreien.&lt;\/p&gt;\\n\",\"image\":\"\",\"url\":\"https:\/\/www.steintormasch.de\/wiesengrund\/termine\/?mc_id=65\",\"startDate\":\"2026-04-18T10:00:00+02:00\",\"endDate\":\"2026-04-18T12:00:00+02:00\",\"duration\":\"PT2H\",\"eventAttendanceMode\":\"https:\/\/schema.org\/OfflineEventAttendanceMode\",\"location\":{\"@context\":\"https:\/\/schema.org\",\"@type\":\"Place\",\"name\":\"Vereinsgel\\u00e4nde\",\"description\":\"\",\"url\":\"https:\/\/www.steintormasch.de\/wiesengrund\/sommerfest-2019\/\",\"address\":{\"@type\":\"PostalAddress\",\"streetAddress\":\"\",\"addressLocality\":\"\",\"addressRegion\":\"\",\"postalCode\":\"\",\"addressCountry\":\"\"},\"telephone\":\"n\/a\",\"sameAs\":\"\"}},[],[],{\"@context\":\"https:\/\/schema.org\",\"@type\":\"Event\",\"name\":\"Sprechtage des Vereins f\\u00fcr Bewerberinnen und Bewerber\",\"description\":\"&lt;p&gt;Unsere Sprechtage f\\u00fcr Garteninteressierte starten in diesem Gartenjahr am 5. Mai 2026 und finden nachfolgend alle 2 Monate am ersten Dienstag des Monats, 18:00 bis 19:00 Uhr im Caf\\u00e9 Steintormasch statt.&lt;\/p&gt;\\n\",\"image\":\"\",\"url\":\"https:\/\/www.steintormasch.de\/wiesengrund\/termine\/?mc_id=103\",\"startDate\":\"2026-05-05T18:00:00+02:00\",\"endDate\":\"2026-05-05T19:00:00+02:00\",\"duration\":\"PT1H\",\"eventAttendanceMode\":\"https:\/\/schema.org\/OfflineEventAttendanceMode\",\"location\":{\"@context\":\"https:\/\/schema.org\",\"@type\":\"Place\",\"name\":\"Caf\\u00e9 Steintormasch\",\"description\":\"\",\"url\":\"https:\/\/www.steintormasch.de\/wiesengrund\/sommerfest-2019\/\",\"address\":{\"@type\":\"PostalAddress\",\"streetAddress\":\"In der Steintormasch 5\",\"addressLocality\":\"Hannover\",\"addressRegion\":\"\",\"postalCode\":\"30167\",\"addressCountry\":\"\"},\"telephone\":\"n\/a\",\"sameAs\":\"\"}},{\"@context\":\"https:\/\/schema.org\",\"@type\":\"Event\",\"name\":\"Vogelexkursionen f\\u00fcr interessierte Mitglieder der Vereine\",\"description\":\"&lt;p&gt;Der Ornithologe Uwe R\\u00f6hrs f\\u00fchrt an drei Terminen durch verschiedene Kleingartenanlagen und erkl\\u00e4rt Wissenswertes rund um die spannende Vogelwelt.&lt;br \/&gt;\\nAnmeldung erforderlich.&lt;\/p&gt;\\n\",\"image\":\"\",\"url\":\"https:\/\/www.steintormasch.de\/wiesengrund\/termine\/?mc_id=102\",\"startDate\":\"2026-05-06T06:00:00+02:00\",\"endDate\":\"2026-05-06T08:00:00+02:00\",\"duration\":\"PT2H\",\"eventAttendanceMode\":\"https:\/\/schema.org\/OfflineEventAttendanceMode\",\"location\":{\"@context\":\"https:\/\/schema.org\",\"@type\":\"Place\",\"name\":\"Vereinshaus\",\"description\":\"\",\"url\":\"https:\/\/www.steintormasch.de\/wiesengrund\/sommerfest-2019\/\",\"address\":{\"@type\":\"PostalAddress\",\"streetAddress\":\"In der Steintormasch 5\",\"addressLocality\":\"Hannover\",\"addressRegion\":\"Niedersachsen\",\"postalCode\":\"30167\",\"addressCountry\":\"Deutschland\"},\"telephone\":\"0511 1695312\",\"sameAs\":\"https:\/\/steintormasch.de\"}},[],{\"@context\":\"https:\/\/schema.org\",\"@type\":\"Event\",\"name\":\"Jahreshauptversammlung 2026\",\"description\":\"Die Jahreshauptversammlung des KGV Vereinigte Steintormasch e.V. findet am 18. Juni 2026 um 18.00 im Caf\\u00e9 Steintormasch statt.\",\"image\":\"\",\"url\":\"https:\/\/www.steintormasch.de\/wiesengrund\/termine\/?mc_id=84\",\"startDate\":\"2026-06-18T18:00:00+02:00\",\"endDate\":\"2026-06-18T20:00:00+02:00\",\"duration\":\"PT2H\",\"eventAttendanceMode\":\"https:\/\/schema.org\/OfflineEventAttendanceMode\",\"location\":{\"@context\":\"https:\/\/schema.org\",\"@type\":\"Place\",\"name\":\"Caf\\u00e9 Steintormasch\",\"description\":\"\",\"url\":\"https:\/\/www.steintormasch.de\/wiesengrund\/sommerfest-2019\/\",\"address\":{\"@type\":\"PostalAddress\",\"streetAddress\":\"In der Steintormasch 5\",\"addressLocality\":\"Hannover\",\"addressRegion\":\"\",\"postalCode\":\"30167\",\"addressCountry\":\"\"},\"telephone\":\"n\/a\",\"sameAs\":\"\"}},{\"@context\":\"https:\/\/schema.org\",\"@type\":\"Event\",\"name\":\"Jubil\\u00e4umsfeier\",\"description\":\"&lt;p&gt;f\\u00fcr Gartenfreundinnen und Gartenfreunde, die dem Verein seit 25, 40 oder 50 Jahren die Treue halten.&lt;\/p&gt;\\n\",\"image\":\"\",\"url\":\"https:\/\/www.steintormasch.de\/wiesengrund\/termine\/?mc_id=76\",\"startDate\":\"2026-08-22T18:00:00+02:00\",\"endDate\":\"2026-08-22T19:00:00+02:00\",\"duration\":\"PT1H\",\"eventAttendanceMode\":\"https:\/\/schema.org\/OfflineEventAttendanceMode\",\"location\":{\"@context\":\"https:\/\/schema.org\",\"@type\":\"Place\",\"name\":\"Vereinshaus\",\"description\":\"\",\"url\":\"https:\/\/www.steintormasch.de\/wiesengrund\/sommerfest-2019\/\",\"address\":{\"@type\":\"PostalAddress\",\"streetAddress\":\"In der Steintormasch 5\",\"addressLocality\":\"Hannover\",\"addressRegion\":\"Niedersachsen\",\"postalCode\":\"30167\",\"addressCountry\":\"Deutschland\"},\"telephone\":\"0511 1695312\",\"sameAs\":\"https:\/\/steintormasch.de\"}}]\n<\/script>\n<h2 id=\"mc_head_mc-948a6a8e8cd15db324902317a630b853\" class=\"heading my-calendar-month\"><span>&nbsp;<\/span><\/h2>\n<div class=\"my-calendar-cards\"><article id='mc_card_09_85-card-85' class='mc-mc_card_85 card-event mc_verein mc_caf-steintormasch  past-event mc_primary_verein nonrecurring mc-2-stunden mc-start-18-00 ungrouped mc-event-58 mc-events mc-event mc_rel_verein'><header>\t<h4 class='event-title summary' id='mc_85-title-mc-948a6a8e8cd15db324902317a630b853'><a href='https:\/\/www.steintormasch.de\/wiesengrund\/termine\/?mc_id=85' class='url summary' rel=\"nofollow\"><div>Kolonieversammlungen 2026<\/div><\/a><\/h4>\n<\/header><div id='mc_card_09_85-card-details-85' class='details no-image'  aria-labelledby='mc_85-title-mc-948a6a8e8cd15db324902317a630b853'>\n<div class=\"mc-card-date\">\r\n    <time class=\"mc-date-badge\" datetime=\"2026-04-09\"><span class=\"month\">Apr.<\/span><span class=\"day\">9<\/span><\/time><\/div>\r\n<div class=\"mc-event-container\">\r\n    \r\n    <div class=\"mc-card-content\">\r\n                <p>Die Versammlungen der f\u00fcnf Kolonien finden jeweils um 18.00 Uhr im Caf\u00e8 Steintormasch statt.<\/p>\n        <div class=\"more-link\"><a href=\"https:\/\/www.steintormasch.de\/wiesengrund\/termine\/?mc_id=85\" class=\"button\">weiter lesen<\/a><\/div>\r\n    <\/div>\r\n<\/div><\/div><!--end .details--><\/article><article id='mc_card_10_75-card-75' class='mc-mc_card_75 card-event mc_verein mc_vereinshaus  past-event mc_primary_verein nonrecurring mc-2-stunden mc-start-18-00 ungrouped mc-event-56 mc-events mc-event mc_rel_verein'><header>\t<h4 class='event-title summary' id='mc_75-title-mc-948a6a8e8cd15db324902317a630b853'><a href='https:\/\/www.steintormasch.de\/wiesengrund\/termine\/?mc_id=75' class='url summary' rel=\"nofollow\"><div>Startklar ins Gartenjahr<\/div><\/a><\/h4>\n<\/header><div id='mc_card_10_75-card-details-75' class='details no-image'  aria-labelledby='mc_75-title-mc-948a6a8e8cd15db324902317a630b853'>\n<div class=\"mc-card-date\">\r\n    <time class=\"mc-date-badge\" datetime=\"2026-04-10\"><span class=\"month\">Apr.<\/span><span class=\"day\">10<\/span><\/time><\/div>\r\n<div class=\"mc-event-container\">\r\n    \r\n    <div class=\"mc-card-content\">\r\n                <p>Bodenpflege, D\u00fcngung und erfolgreich torffrei g\u00e4rtnern. Wie wird die Fruchtbarkeit des Gartenbodens verbessert und langfristig erhalten?<br \/>\nAnmeldung erforderlich.<\/p>\n        <div class=\"more-link\"><a href=\"https:\/\/www.steintormasch.de\/wiesengrund\/termine\/?mc_id=75\" class=\"button\">weiter lesen<\/a><\/div>\r\n    <\/div>\r\n<\/div><\/div><!--end .details--><\/article><article id='mc_card_18_65-card-65' class='mc-mc_card_65 card-event mc_verein mc_vereinsgelnde  past-event mc_primary_verein nonrecurring mc-2-stunden mc-start-10-00 ungrouped mc-event-48 mc-events mc-event mc_rel_verein'><header>\t<h4 class='event-title summary' id='mc_65-title-mc-948a6a8e8cd15db324902317a630b853'><a href='https:\/\/www.steintormasch.de\/wiesengrund\/termine\/?mc_id=65' class='url summary' rel=\"nofollow\"><div>Saubere Steintormasch 2026<\/div><\/a><\/h4>\n<\/header><div id='mc_card_18_65-card-details-65' class='details no-image'  aria-labelledby='mc_65-title-mc-948a6a8e8cd15db324902317a630b853'>\n<div class=\"mc-card-date\">\r\n    <time class=\"mc-date-badge\" datetime=\"2026-04-18\"><span class=\"month\">Apr.<\/span><span class=\"day\">18<\/span><\/time><\/div>\r\n<div class=\"mc-event-container\">\r\n    \r\n    <div class=\"mc-card-content\">\r\n                <p>Vor Beginn der Gartensaison wollen wir gemeinsam unser Vereinsgela\u0308nde von achtlos weggeworfenem Unrat befreien.<\/p>\n        <div class=\"more-link\"><a href=\"https:\/\/www.steintormasch.de\/wiesengrund\/termine\/?mc_id=65\" class=\"button\">weiter lesen<\/a><\/div>\r\n    <\/div>\r\n<\/div><\/div><!--end .details--><\/article><article id='mc_card_05_103-card-103' class='mc-mc_card_103 card-event mc_verein mc_caf-steintormasch  future-event mc_primary_verein nonrecurring mc-1-stunde mc-start-18-00 ungrouped mc-event-6 mc-events mc-event mc_rel_verein'><header>\t<h4 class='event-title summary' id='mc_103-title-mc-948a6a8e8cd15db324902317a630b853'><a href='https:\/\/www.steintormasch.de\/wiesengrund\/termine\/?mc_id=103' class='url summary' ><div>Sprechtage des Vereins f\u00fcr Bewerberinnen und Bewerber<\/div><\/a><\/h4>\n<\/header><div id='mc_card_05_103-card-details-103' class='details no-image'  aria-labelledby='mc_103-title-mc-948a6a8e8cd15db324902317a630b853'>\n<div class=\"mc-card-date\">\r\n    <time class=\"mc-date-badge\" datetime=\"2026-05-05\"><span class=\"month\">Mai<\/span><span class=\"day\">5<\/span><\/time><\/div>\r\n<div class=\"mc-event-container\">\r\n    \r\n    <div class=\"mc-card-content\">\r\n                <p>Unsere Sprechtage f\u00fcr Garteninteressierte starten in diesem Gartenjahr am 5. Mai 2026 und finden nachfolgend alle 2 Monate am ersten Dienstag des Monats, 18:00 bis 19:00 Uhr im Caf\u00e9 Steintormasch statt.<\/p>\n        <div class=\"more-link\"><a href=\"https:\/\/www.steintormasch.de\/wiesengrund\/termine\/?mc_id=103\" class=\"button\">weiter lesen<\/a><\/div>\r\n    <\/div>\r\n<\/div><\/div><!--end .details--><\/article><article id='mc_card_06_102-card-102' class='mc-mc_card_102 card-event mc_verein mc_vereinshaus  future-event mc_primary_verein nonrecurring mc-2-stunden mc-start-06-00 ungrouped mc-event-59 mc-events mc-event mc_rel_verein'><header>\t<h4 class='event-title summary' id='mc_102-title-mc-948a6a8e8cd15db324902317a630b853'><a href='https:\/\/www.steintormasch.de\/wiesengrund\/termine\/?mc_id=102' class='url summary' ><div>Vogelexkursionen f\u00fcr interessierte Mitglieder der Vereine<\/div><\/a><\/h4>\n<\/header><div id='mc_card_06_102-card-details-102' class='details no-image'  aria-labelledby='mc_102-title-mc-948a6a8e8cd15db324902317a630b853'>\n<div class=\"mc-card-date\">\r\n    <time class=\"mc-date-badge\" datetime=\"2026-05-06\"><span class=\"month\">Mai<\/span><span class=\"day\">6<\/span><\/time><\/div>\r\n<div class=\"mc-event-container\">\r\n    \r\n    <div class=\"mc-card-content\">\r\n                <p>Der Ornithologe Uwe R\u00f6hrs f\u00fchrt an drei Terminen durch verschiedene Kleingartenanlagen und erkl\u00e4rt Wissenswertes rund um die spannende Vogelwelt.<br \/>\nAnmeldung erforderlich.<\/p>\n        <div class=\"more-link\"><a href=\"https:\/\/www.steintormasch.de\/wiesengrund\/termine\/?mc_id=102\" class=\"button\">weiter lesen<\/a><\/div>\r\n    <\/div>\r\n<\/div><\/div><!--end .details--><\/article><article id='mc_card_18_84-card-84' class='mc-mc_card_84 card-event mc_verein mc_caf-steintormasch  future-event mc_primary_verein nonrecurring mc mc-start-18-00 ungrouped mc-event-3 mc-events mc-event mc_rel_verein'><header>\t<h4 class='event-title summary' id='mc_84-title-mc-948a6a8e8cd15db324902317a630b853'><a href='https:\/\/www.steintormasch.de\/wiesengrund\/termine\/?mc_id=84' class='url summary' ><div>Jahreshauptversammlung 2026<\/div><\/a><\/h4>\n<\/header><div id='mc_card_18_84-card-details-84' class='details no-image'  aria-labelledby='mc_84-title-mc-948a6a8e8cd15db324902317a630b853'>\n<div class=\"mc-card-date\">\r\n    <time class=\"mc-date-badge\" datetime=\"2026-06-18\"><span class=\"month\">Juni<\/span><span class=\"day\">18<\/span><\/time><\/div>\r\n<div class=\"mc-event-container\">\r\n    \r\n    <div class=\"mc-card-content\">\r\n                Die Jahreshauptversammlung des KGV Vereinigte Steintormasch e.V. findet am 18. Juni 2026 um 18.00 im Caf\u00e9 Steintormasch statt.        <div class=\"more-link\"><a href=\"https:\/\/www.steintormasch.de\/wiesengrund\/termine\/?mc_id=84\" class=\"button\">weiter lesen<\/a><\/div>\r\n    <\/div>\r\n<\/div><\/div><!--end .details--><\/article><article id='mc_card_22_76-card-76' class='mc-mc_card_76 card-event mc_verein mc_vereinshaus  future-event mc_primary_verein nonrecurring mc-1-stunde mc-start-18-00 ungrouped mc-event-57 mc-events mc-event mc_rel_verein'><header>\t<h4 class='event-title summary' id='mc_76-title-mc-948a6a8e8cd15db324902317a630b853'><a href='https:\/\/www.steintormasch.de\/wiesengrund\/termine\/?mc_id=76' class='url summary' ><div>Jubil\u00e4umsfeier<\/div><\/a><\/h4>\n<\/header><div id='mc_card_22_76-card-details-76' class='details no-image'  aria-labelledby='mc_76-title-mc-948a6a8e8cd15db324902317a630b853'>\n<div class=\"mc-card-date\">\r\n    <time class=\"mc-date-badge\" datetime=\"2026-08-22\"><span class=\"month\">Aug.<\/span><span class=\"day\">22<\/span><\/time><\/div>\r\n<div class=\"mc-event-container\">\r\n    \r\n    <div class=\"mc-card-content\">\r\n                <p>f\u00fcr Gartenfreundinnen und Gartenfreunde, die dem Verein seit 25, 40 oder 50 Jahren die Treue halten.<\/p>\n        <div class=\"more-link\"><a href=\"https:\/\/www.steintormasch.de\/wiesengrund\/termine\/?mc_id=76\" class=\"button\">weiter lesen<\/a><\/div>\r\n    <\/div>\r\n<\/div><\/div><!--end .details--><\/article><\/div><!-- .my-calendar-cards -->\r\n<\/div><!-- Close Main My Calendar Wrapper -->\n<\/div><\/div>\n","protected":false},"excerpt":{"rendered":"<p>F\u00fcr aktuelle Termine bitte die Aush\u00e4ngek\u00e4sten und die Ank\u00fcndigungen in der &#8222;Garten und Familie&#8220; beachten. Aktuelle Meldungen Aktuelle Termine<\/p>\n","protected":false},"author":2,"featured_media":97,"parent":0,"menu_order":1,"comment_status":"closed","ping_status":"closed","template":"template-without-title.php","meta":{"_mc_calendar":[],"footnotes":""},"class_list":["post-6","page","type-page","status-publish","has-post-thumbnail","hentry"],"_links":{"self":[{"href":"https:\/\/www.steintormasch.de\/wiesengrund\/wp-json\/wp\/v2\/pages\/6","targetHints":{"allow":["GET"]}}],"collection":[{"href":"https:\/\/www.steintormasch.de\/wiesengrund\/wp-json\/wp\/v2\/pages"}],"about":[{"href":"https:\/\/www.steintormasch.de\/wiesengrund\/wp-json\/wp\/v2\/types\/page"}],"author":[{"embeddable":true,"href":"https:\/\/www.steintormasch.de\/wiesengrund\/wp-json\/wp\/v2\/users\/2"}],"replies":[{"embeddable":true,"href":"https:\/\/www.steintormasch.de\/wiesengrund\/wp-json\/wp\/v2\/comments?post=6"}],"version-history":[{"count":18,"href":"https:\/\/www.steintormasch.de\/wiesengrund\/wp-json\/wp\/v2\/pages\/6\/revisions"}],"predecessor-version":[{"id":189,"href":"https:\/\/www.steintormasch.de\/wiesengrund\/wp-json\/wp\/v2\/pages\/6\/revisions\/189"}],"wp:featuredmedia":[{"embeddable":true,"href":"https:\/\/www.steintormasch.de\/wiesengrund\/wp-json\/wp\/v2\/media\/97"}],"wp:attachment":[{"href":"https:\/\/www.steintormasch.de\/wiesengrund\/wp-json\/wp\/v2\/media?parent=6"}],"curies":[{"name":"wp","href":"https:\/\/api.w.org\/{rel}","templated":true}]}}